{"id":46,"date":"2012-03-26T15:46:38","date_gmt":"2012-03-26T21:46:38","guid":{"rendered":"http:\/\/nicoyazul.com\/?page_id=46"},"modified":"2023-03-01T10:31:56","modified_gmt":"2023-03-01T16:31:56","slug":"the-nicoya-peninsula-on-google-maps","status":"publish","type":"page","link":"http:\/\/www.nicoyazul.com\/es\/about-the-nicoya-peninsula\/the-nicoya-peninsula-on-google-maps\/","title":{"rendered":"La Pen\u00ednsula de Nicoya en Google Maps"},"content":{"rendered":"<p>Para ir de Cabuya a Malpais, hay que ir por la \u201ccalle\u201d que consiste de 7 kil\u00f3metros de lastre con empinadas cuestas y que cruzan varios caudales de agua. Es absolutamente para todo-terreno aun durante las mejores condiciones de la temporada seca. Durante la temporada lluviosa se puede hacer intransitable por los elevados caudales de agua en los r\u00edos y quebradas.<\/p>\n<p>Por el lado bueno, si hace clic en el bot\u00f3n de Earth del mapa de Google, podr\u00e1 navegar una imagen a\u00e9rea de la zona. Tuanis.<\/p>\n<p>[iframe_loader src=\u00bbhttp:\/\/maps.google.com\/maps?f=q&amp;source=s_q&amp;hl=en&amp;geocode=&amp;q=nicoya+peninsula,+puntarenas,+costa+rica&amp;aq=&amp;sll=37.0625,-95.677068&amp;sspn=55.981213,114.169922&amp;t=h&amp;ie=UTF8&amp;hq=&amp;hnear=Peninsula+De+Nicoya&amp;ll=9.772671,-85.14267&amp;spn=0.649611,1.098633&amp;z=10&amp;output=embed\u00bb height=\u00bb600&#8243;]<\/p>","protected":false},"excerpt":{"rendered":"<p>Para ir de Cabuya a Malpais, hay que ir por la \u201ccalle\u201d que consiste de 7 kil\u00f3metros de lastre con empinadas cuestas y que cruzan varios caudales de agua. Es absolutamente para todo-terreno aun durante las mejores condiciones de la &hellip; <a href=\"http:\/\/www.nicoyazul.com\/es\/about-the-nicoya-peninsula\/the-nicoya-peninsula-on-google-maps\/\">Sigue leyendo <span class=\"meta-nav\">&rarr;<\/span><\/a><\/p>\n","protected":false},"author":1,"featured_media":0,"parent":17,"menu_order":0,"comment_status":"closed","ping_status":"closed","template":"about-page.php","meta":{"footnotes":""},"class_list":["post-46","page","type-page","status-publish","hentry"],"_links":{"self":[{"href":"http:\/\/www.nicoyazul.com\/es\/wp-json\/wp\/v2\/pages\/46","targetHints":{"allow":["GET"]}}],"collection":[{"href":"http:\/\/www.nicoyazul.com\/es\/wp-json\/wp\/v2\/pages"}],"about":[{"href":"http:\/\/www.nicoyazul.com\/es\/wp-json\/wp\/v2\/types\/page"}],"author":[{"embeddable":true,"href":"http:\/\/www.nicoyazul.com\/es\/wp-json\/wp\/v2\/users\/1"}],"replies":[{"embeddable":true,"href":"http:\/\/www.nicoyazul.com\/es\/wp-json\/wp\/v2\/comments?post=46"}],"version-history":[{"count":18,"href":"http:\/\/www.nicoyazul.com\/es\/wp-json\/wp\/v2\/pages\/46\/revisions"}],"predecessor-version":[{"id":251,"href":"http:\/\/www.nicoyazul.com\/es\/wp-json\/wp\/v2\/pages\/46\/revisions\/251"}],"up":[{"embeddable":true,"href":"http:\/\/www.nicoyazul.com\/es\/wp-json\/wp\/v2\/pages\/17"}],"wp:attachment":[{"href":"http:\/\/www.nicoyazul.com\/es\/wp-json\/wp\/v2\/media?parent=46"}],"curies":[{"name":"wp","href":"https:\/\/api.w.org\/{rel}","templated":true}]}}